{"id":1393,"date":"2025-10-19T18:56:46","date_gmt":"2025-10-19T16:56:46","guid":{"rendered":"https:\/\/amco.cat\/politica-de-cookies\/"},"modified":"2025-10-19T19:16:26","modified_gmt":"2025-10-19T17:16:26","slug":"politica-de-cookies","status":"publish","type":"page","link":"https:\/\/amco.cat\/ca\/politica-de-cookies\/","title":{"rendered":"Pol\u00edtica de cookies"},"content":{"rendered":"\t\t<div data-elementor-type=\"wp-page\" data-elementor-id=\"1393\" class=\"elementor elementor-1393 elementor-1379\" data-elementor-post-type=\"page\">\n\t\t\t\t<div class=\"elementor-element elementor-element-51eb8a86 e-flex e-con-boxed e-con e-parent\" data-id=\"51eb8a86\" data-element_type=\"container\" data-e-type=\"container\">\n\t\t\t\t\t<div class=\"e-con-inner\">\n\t\t\t\t<div class=\"elementor-element elementor-element-637854a elementor-widget elementor-widget-text-editor\" data-id=\"637854a\" data-element_type=\"widget\" data-e-type=\"widget\" data-widget_type=\"text-editor.default\">\n\t\t\t\t\t\t\t\t\t<h2><span style=\"color: #ffffff;\"><strong>POL\u00cdTICA DE COOKIES<\/strong><\/span><\/h2><br>Actualitzat a l&#8217;agost del 2025<br><br>Aquest lloc web utilitza cookies pr\u00f2pies i de tercers per analitzar la navegaci\u00f3 dels usuaris i millorar lexperi\u00e8ncia d\u00fas.<br><br><strong>Qu\u00e8 s\u00f3n les cookies?<\/strong><br>Una cookie \u00e9s un fitxer que es descarrega al vostre navegador en accedir a determinades p\u00e0gines web. Serveixen per recopilar informaci\u00f3 sobre h\u00e0bits de navegaci\u00f3, personalitzar contingut, recordar accessos, etc.<br><br><strong>Tipus de cookies utilitzades:<\/strong><br>\u2013 Cookies t\u00e8cniques: necess\u00e0ries per al funcionament del lloc.<br>&#8211; Cookies d&#8217;an\u00e0lisi: per analitzar el tr\u00e0nsit i el comportament de navegaci\u00f3.<br>\u2013 Cookies de tercers: com Google Analytics o xarxes socials.<br><br><strong>Gesti\u00f3 de cookies:<\/strong><br>Pots acceptar o rebutjar les cookies a trav\u00e9s del banner de configuraci\u00f3. Tamb\u00e9 podeu configurar el vostre navegador per bloquejar-les.\t\t\t\t\t\t\t\t<\/div>\n\t\t\t\t\t<\/div>\n\t\t\t\t<\/div>\n\t\t\t\t<\/div>\n\t\t","protected":false},"excerpt":{"rendered":"<p>POL\u00cdTICA DE COOKIES Actualitzat a l&#8217;agost del 2025 Aquest lloc web utilitza cookies pr\u00f2pies i de tercers per analitzar la navegaci\u00f3 dels usuaris i millorar lexperi\u00e8ncia<span class=\"excerpt-hellip\"> [\u2026]<\/span><\/p>\n","protected":false},"author":1,"featured_media":1392,"parent":0,"menu_order":0,"comment_status":"closed","ping_status":"open","template":"","meta":{"footnotes":""},"class_list":["post-1393","page","type-page","status-publish","has-post-thumbnail","hentry"],"aioseo_notices":[],"_links":{"self":[{"href":"https:\/\/amco.cat\/ca\/wp-json\/wp\/v2\/pages\/1393","targetHints":{"allow":["GET"]}}],"collection":[{"href":"https:\/\/amco.cat\/ca\/wp-json\/wp\/v2\/pages"}],"about":[{"href":"https:\/\/amco.cat\/ca\/wp-json\/wp\/v2\/types\/page"}],"author":[{"embeddable":true,"href":"https:\/\/amco.cat\/ca\/wp-json\/wp\/v2\/users\/1"}],"replies":[{"embeddable":true,"href":"https:\/\/amco.cat\/ca\/wp-json\/wp\/v2\/comments?post=1393"}],"version-history":[{"count":1,"href":"https:\/\/amco.cat\/ca\/wp-json\/wp\/v2\/pages\/1393\/revisions"}],"predecessor-version":[{"id":1394,"href":"https:\/\/amco.cat\/ca\/wp-json\/wp\/v2\/pages\/1393\/revisions\/1394"}],"wp:featuredmedia":[{"embeddable":true,"href":"https:\/\/amco.cat\/ca\/wp-json\/wp\/v2\/media\/1392"}],"wp:attachment":[{"href":"https:\/\/amco.cat\/ca\/wp-json\/wp\/v2\/media?parent=1393"}],"curies":[{"name":"wp","href":"https:\/\/api.w.org\/{rel}","templated":true}]}}