{"id":1362,"date":"2019-06-24T14:31:18","date_gmt":"2019-06-24T12:31:18","guid":{"rendered":"https:\/\/amco.cat\/politique-de-confidentialite\/"},"modified":"2025-10-22T18:28:07","modified_gmt":"2025-10-22T16:28:07","slug":"politique-de-confidentialite","status":"publish","type":"page","link":"https:\/\/amco.cat\/fr\/politique-de-confidentialite\/","title":{"rendered":"Politique de confidentialit\u00e9"},"content":{"rendered":"\t\t<div data-elementor-type=\"wp-page\" data-elementor-id=\"1362\" class=\"elementor elementor-1362 elementor-3\" data-elementor-post-type=\"page\">\n\t\t\t\t<div class=\"elementor-element elementor-element-51eb8a86 e-flex e-con-boxed e-con e-parent\" data-id=\"51eb8a86\" data-element_type=\"container\" data-e-type=\"container\">\n\t\t\t\t\t<div class=\"e-con-inner\">\n\t\t\t\t<div class=\"elementor-element elementor-element-637854a elementor-widget elementor-widget-text-editor\" data-id=\"637854a\" data-element_type=\"widget\" data-e-type=\"widget\" data-widget_type=\"text-editor.default\">\n\t\t\t\t\t\t\t\t\t<h2><span style=\"color: #ffffff;\"><strong>POLITIQUE DE CONFIDENTIALIT\u00c9<\/strong><\/span><\/h2><br>Mise \u00e0 jour\u00a0: ao\u00fbt\u00a02025<br><br>Conform\u00e9ment aux dispositions du R\u00e8glement (UE)\u00a02016\/679 (RGPD) et de la LOPDGDD (Loi espagnole sur la protection des donn\u00e9es), AMCO MECANITZATS, S.L., en tant que responsable du traitement, informe les utilisateurs de ce site web que les donn\u00e9es personnelles collect\u00e9es seront trait\u00e9es afin de g\u00e9rer les demandes de renseignements, d&rsquo;entretenir la relation commerciale et de vous envoyer des informations sur nos services.<br><br><strong>Responsable du traitement\u00a0:<\/strong><br>AMCO MECANITZATS, S.L. &#8211; <span style=\"font-weight: 400;\">B55222558<\/span><br>C\/ Mas Resplandis, 17-D B\u00fastia n\u00ba 11<br>Poligon Industrial La Riera d&rsquo;Esclany\u00e0 &#8211; 17255 &#8211; BEGUR (GIRONA)<br>amco@amco.cat<br><br><strong>Finalit\u00e9 du traitement<\/strong>\u00a0:<br>\u2013 G\u00e9rer les communications re\u00e7ues via le formulaire de contact.<br>\u2013 R\u00e9aliser des actions commerciales li\u00e9es \u00e0 nos services.<br>\u2013 Respect des obligations l\u00e9gales et fiscales.<br><br><strong>L\u00e9gitimation<\/strong>\u00a0:<br>Consentement de la personne concern\u00e9e ou ex\u00e9cution d&rsquo;un contrat.<br><br><strong>Destinataires<\/strong>\u00a0:<br>Les donn\u00e9es ne seront pas c\u00e9d\u00e9es \u00e0 des tiers, sauf obligation l\u00e9gale ou pour la prestation de services par des tiers responsables du traitement.<br><br><strong>Droits\u00a0:<\/strong><br>Vous disposez d&rsquo;un droit d&rsquo;acc\u00e8s, de rectification, de suppression, de limitation et d&rsquo;opposition au traitement de vos donn\u00e9es, ainsi que d&rsquo;un droit de r\u00e9clamation aupr\u00e8s de l&rsquo;Agence espagnole de protection des donn\u00e9es.\t\t\t\t\t\t\t\t<\/div>\n\t\t\t\t\t<\/div>\n\t\t\t\t<\/div>\n\t\t\t\t<\/div>\n\t\t","protected":false},"excerpt":{"rendered":"<p>POLITIQUE DE CONFIDENTIALIT\u00c9 Mise \u00e0 jour\u00a0: ao\u00fbt\u00a02025 Conform\u00e9ment aux dispositions du R\u00e8glement (UE)\u00a02016\/679 (RGPD) et de la LOPDGDD (Loi espagnole sur la protection des donn\u00e9es), AMCO<span class=\"excerpt-hellip\"> [\u2026]<\/span><\/p>\n","protected":false},"author":1,"featured_media":1361,"parent":0,"menu_order":0,"comment_status":"closed","ping_status":"open","template":"","meta":{"footnotes":""},"class_list":["post-1362","page","type-page","status-publish","has-post-thumbnail","hentry"],"aioseo_notices":[],"_links":{"self":[{"href":"https:\/\/amco.cat\/fr\/wp-json\/wp\/v2\/pages\/1362","targetHints":{"allow":["GET"]}}],"collection":[{"href":"https:\/\/amco.cat\/fr\/wp-json\/wp\/v2\/pages"}],"about":[{"href":"https:\/\/amco.cat\/fr\/wp-json\/wp\/v2\/types\/page"}],"author":[{"embeddable":true,"href":"https:\/\/amco.cat\/fr\/wp-json\/wp\/v2\/users\/1"}],"replies":[{"embeddable":true,"href":"https:\/\/amco.cat\/fr\/wp-json\/wp\/v2\/comments?post=1362"}],"version-history":[{"count":2,"href":"https:\/\/amco.cat\/fr\/wp-json\/wp\/v2\/pages\/1362\/revisions"}],"predecessor-version":[{"id":1602,"href":"https:\/\/amco.cat\/fr\/wp-json\/wp\/v2\/pages\/1362\/revisions\/1602"}],"wp:featuredmedia":[{"embeddable":true,"href":"https:\/\/amco.cat\/fr\/wp-json\/wp\/v2\/media\/1361"}],"wp:attachment":[{"href":"https:\/\/amco.cat\/fr\/wp-json\/wp\/v2\/media?parent=1362"}],"curies":[{"name":"wp","href":"https:\/\/api.w.org\/{rel}","templated":true}]}}