{"id":1377,"date":"2025-10-19T18:47:02","date_gmt":"2025-10-19T16:47:02","guid":{"rendered":"https:\/\/amco.cat\/mentions-legales\/"},"modified":"2025-10-22T18:27:43","modified_gmt":"2025-10-22T16:27:43","slug":"mentions-legales","status":"publish","type":"page","link":"https:\/\/amco.cat\/fr\/mentions-legales\/","title":{"rendered":"Mentions L\u00e9gales"},"content":{"rendered":"\t\t<div data-elementor-type=\"wp-page\" data-elementor-id=\"1377\" class=\"elementor elementor-1377 elementor-1364\" data-elementor-post-type=\"page\">\n\t\t\t\t<div class=\"elementor-element elementor-element-51eb8a86 e-flex e-con-boxed e-con e-parent\" data-id=\"51eb8a86\" data-element_type=\"container\" data-e-type=\"container\">\n\t\t\t\t\t<div class=\"e-con-inner\">\n\t\t\t\t<div class=\"elementor-element elementor-element-637854a elementor-widget elementor-widget-text-editor\" data-id=\"637854a\" data-element_type=\"widget\" data-e-type=\"widget\" data-widget_type=\"text-editor.default\">\n\t\t\t\t\t\t\t\t\t<h2><span style=\"color: #ffffff;\"><strong>MENTIONS L\u00c9GALES<\/strong><\/span><\/h2>\n<p>Mis \u00e0 jour en ao\u00fbt 2025<\/p>\n<p><strong>Propri\u00e9taire du site\u00a0:<\/strong><br \/><span style=\"font-weight: 400;\">AMCO MECANITZATS EMPORDA SL<\/span><br \/>NIF : B55222558<br \/>Adresse : C\/Mas Resplandis, 17-D B\u00fastia n\u00ba 11. Poligon Industrial La Riera d&rsquo;Esclany\u00e0 &#8211; 17255 &#8211; BEGUR (GIRONA)<br \/>T\u00e9l\u00e9phone : +34 972303983<br \/>E-mail\u00a0:<span style=\"text-decoration: underline;\"> <span style=\"color: #ffffff; text-decoration: underline;\"><strong><a style=\"color: #ffffff; text-decoration: underline;\" href=\"mailto:amco@amco.cat\">amco@amco.cat<\/a><\/strong><\/span><\/span><\/p>\n<p><strong>Propri\u00e9t\u00e9 intellectuelle<\/strong>\u00a0:<br \/>L&rsquo;ensemble du contenu du site web, y compris les textes, images, logos, design et code source, est la propri\u00e9t\u00e9 d&rsquo;AMCO Mecanitzats ou de tiers et est prot\u00e9g\u00e9 par la r\u00e9glementation sur la propri\u00e9t\u00e9 intellectuelle et industrielle.<\/p>\n<p><strong>Responsabilit\u00e9 du propri\u00e9taire<\/strong>\u00a0:<br \/>AMCO Mecanitzats d\u00e9cline toute responsabilit\u00e9 quant \u00e0 l&rsquo;utilisation abusive du contenu de ce site web\u00a0; celle-ci rel\u00e8ve de la seule responsabilit\u00e9 de la personne qui y acc\u00e8de ou l&rsquo;utilise. AMCO Mecanitzats ne garantit pas la disponibilit\u00e9 permanente du site, mais s&rsquo;engage \u00e0 le maintenir op\u00e9rationnel avec la plus grande qualit\u00e9 possible.<\/p>\n<p><strong>Modifications<\/strong>\u00a0:<br \/>AMCO se r\u00e9serve le droit de modifier le contenu du site web et les pr\u00e9sentes mentions l\u00e9gales \u00e0 tout moment et sans pr\u00e9avis.<\/p>\n\t\t\t\t\t\t\t\t<\/div>\n\t\t\t\t\t<\/div>\n\t\t\t\t<\/div>\n\t\t\t\t<\/div>\n\t\t","protected":false},"excerpt":{"rendered":"<p>MENTIONS L\u00c9GALES Mis \u00e0 jour en ao\u00fbt 2025 Propri\u00e9taire du site\u00a0:AMCO MECANITZATS EMPORDA SLNIF : B55222558Adresse : C\/Mas Resplandis, 17-D B\u00fastia n\u00ba 11. Poligon Industrial La<span class=\"excerpt-hellip\"> [\u2026]<\/span><\/p>\n","protected":false},"author":1,"featured_media":1376,"parent":0,"menu_order":0,"comment_status":"closed","ping_status":"open","template":"","meta":{"footnotes":""},"class_list":["post-1377","page","type-page","status-publish","has-post-thumbnail","hentry"],"aioseo_notices":[],"_links":{"self":[{"href":"https:\/\/amco.cat\/fr\/wp-json\/wp\/v2\/pages\/1377","targetHints":{"allow":["GET"]}}],"collection":[{"href":"https:\/\/amco.cat\/fr\/wp-json\/wp\/v2\/pages"}],"about":[{"href":"https:\/\/amco.cat\/fr\/wp-json\/wp\/v2\/types\/page"}],"author":[{"embeddable":true,"href":"https:\/\/amco.cat\/fr\/wp-json\/wp\/v2\/users\/1"}],"replies":[{"embeddable":true,"href":"https:\/\/amco.cat\/fr\/wp-json\/wp\/v2\/comments?post=1377"}],"version-history":[{"count":2,"href":"https:\/\/amco.cat\/fr\/wp-json\/wp\/v2\/pages\/1377\/revisions"}],"predecessor-version":[{"id":1601,"href":"https:\/\/amco.cat\/fr\/wp-json\/wp\/v2\/pages\/1377\/revisions\/1601"}],"wp:featuredmedia":[{"embeddable":true,"href":"https:\/\/amco.cat\/fr\/wp-json\/wp\/v2\/media\/1376"}],"wp:attachment":[{"href":"https:\/\/amco.cat\/fr\/wp-json\/wp\/v2\/media?parent=1377"}],"curies":[{"name":"wp","href":"https:\/\/api.w.org\/{rel}","templated":true}]}}