{"id":1399,"date":"2025-10-19T18:56:46","date_gmt":"2025-10-19T16:56:46","guid":{"rendered":"https:\/\/amco.cat\/politique-de-cookies\/"},"modified":"2025-10-22T18:29:50","modified_gmt":"2025-10-22T16:29:50","slug":"politique-de-cookies","status":"publish","type":"page","link":"https:\/\/amco.cat\/fr\/politique-de-cookies\/","title":{"rendered":"Politique de cookies"},"content":{"rendered":"\t\t<div data-elementor-type=\"wp-page\" data-elementor-id=\"1399\" class=\"elementor elementor-1399 elementor-1379\" data-elementor-post-type=\"page\">\n\t\t\t\t<div class=\"elementor-element elementor-element-51eb8a86 e-flex e-con-boxed e-con e-parent\" data-id=\"51eb8a86\" data-element_type=\"container\" data-e-type=\"container\">\n\t\t\t\t\t<div class=\"e-con-inner\">\n\t\t\t\t<div class=\"elementor-element elementor-element-637854a elementor-widget elementor-widget-text-editor\" data-id=\"637854a\" data-element_type=\"widget\" data-e-type=\"widget\" data-widget_type=\"text-editor.default\">\n\t\t\t\t\t\t\t\t\t<h2><span style=\"color: #ffffff;\"><strong>POLITIQUE DE COOKIES<\/strong><\/span><\/h2><br>Mise \u00e0 jour ao\u00fbt 2025<br><br>Ce site web utilise ses propres cookies et ceux de tiers pour analyser la navigation des utilisateurs et am\u00e9liorer leur exp\u00e9rience.<br><br><strong>Que sont les cookies\u00a0?<\/strong><br>Un cookie est un fichier t\u00e9l\u00e9charg\u00e9 sur votre navigateur lorsque vous acc\u00e9dez \u00e0 certaines pages web. Il permet de collecter des informations sur vos habitudes de navigation, de personnaliser le contenu, de m\u00e9moriser les identifiants de connexion, etc.<br><br><strong>Types de cookies utilis\u00e9s\u00a0:<\/strong><br>\u2013 Cookies techniques\u00a0: n\u00e9cessaires au fonctionnement du site.<br>\u2013 Cookies d&rsquo;analyse\u00a0: pour analyser le trafic et les comportements de navigation.<br>\u2013 Cookies tiers\u00a0: tels que Google Analytics ou les r\u00e9seaux sociaux.<br><br><strong>Gestion des cookies\u00a0:<\/strong><br>Vous pouvez accepter ou refuser les cookies via la banni\u00e8re de configuration. Vous pouvez \u00e9galement configurer votre navigateur pour les bloquer.\t\t\t\t\t\t\t\t<\/div>\n\t\t\t\t\t<\/div>\n\t\t\t\t<\/div>\n\t\t\t\t<\/div>\n\t\t","protected":false},"excerpt":{"rendered":"<p>POLITIQUE DE COOKIES Mise \u00e0 jour ao\u00fbt 2025 Ce site web utilise ses propres cookies et ceux de tiers pour analyser la navigation des utilisateurs et<span class=\"excerpt-hellip\"> [\u2026]<\/span><\/p>\n","protected":false},"author":1,"featured_media":1398,"parent":0,"menu_order":0,"comment_status":"closed","ping_status":"open","template":"","meta":{"footnotes":""},"class_list":["post-1399","page","type-page","status-publish","has-post-thumbnail","hentry"],"aioseo_notices":[],"_links":{"self":[{"href":"https:\/\/amco.cat\/fr\/wp-json\/wp\/v2\/pages\/1399","targetHints":{"allow":["GET"]}}],"collection":[{"href":"https:\/\/amco.cat\/fr\/wp-json\/wp\/v2\/pages"}],"about":[{"href":"https:\/\/amco.cat\/fr\/wp-json\/wp\/v2\/types\/page"}],"author":[{"embeddable":true,"href":"https:\/\/amco.cat\/fr\/wp-json\/wp\/v2\/users\/1"}],"replies":[{"embeddable":true,"href":"https:\/\/amco.cat\/fr\/wp-json\/wp\/v2\/comments?post=1399"}],"version-history":[{"count":2,"href":"https:\/\/amco.cat\/fr\/wp-json\/wp\/v2\/pages\/1399\/revisions"}],"predecessor-version":[{"id":1603,"href":"https:\/\/amco.cat\/fr\/wp-json\/wp\/v2\/pages\/1399\/revisions\/1603"}],"wp:featuredmedia":[{"embeddable":true,"href":"https:\/\/amco.cat\/fr\/wp-json\/wp\/v2\/media\/1398"}],"wp:attachment":[{"href":"https:\/\/amco.cat\/fr\/wp-json\/wp\/v2\/media?parent=1399"}],"curies":[{"name":"wp","href":"https:\/\/api.w.org\/{rel}","templated":true}]}}